{"id":23,"date":"2019-04-24T12:47:10","date_gmt":"2019-04-24T12:47:10","guid":{"rendered":"https:\/\/zuparazanac.hr\/?page_id=23"},"modified":"2019-04-25T11:09:01","modified_gmt":"2019-04-25T11:09:01","slug":"o-zupi","status":"publish","type":"page","link":"https:\/\/zuparazanac.hr\/?page_id=23","title":{"rendered":"O \u017eupi"},"content":{"rendered":"\n<h4 class=\"wp-block-heading\">Povijesni pregled<\/h4>\n\n\n\n<blockquote class=\"wp-block-quote\"><p> RA\u017dANAC \u2013 \u017eupa BDM od Ru\u017earija; \u017eupa se spominje 1460. <\/p><\/blockquote>\n\n\n\n<p>Ra\u017eanac, selo i mala luka na obali ju\u017enog dijela Velebitskog kanala. Podru\u010dje Ra\u017eanca bilo je naseljeno od mla\u0111ega kamenog doba. Nekoliko srednjovjekovnih naselja tog podru\u010dja poru\u0161eno je u tijeku tursko-venecijanskih ratova u 16. i 17. st. <\/p>\n\n\n\n<blockquote class=\"wp-block-quote\"><p>Prvo pisano spominjanje imena Ra\u017eanac nalazi se 1332. u popisu dobara zadarskog plemi\u0107a Vu\u010dine Martinu\u0161i\u0107a. <\/p><\/blockquote>\n\n\n\n<p>Godine 1507. u Ra\u017eancu se za obranu od Turaka gradi utvrda. Godine 1570. Turci su poru\u0161ili i oplja\u010dkali Ra\u017eanac, no on je 1597. ponovno naseljen. Premda su 1646. zbog turske nadmo\u0107i ponovno morali napustiti svoje mjesto, ve\u0107 sljede\u0107e godine i nadalje oni uspje\u0161no odolijevaju Turcima. Posebno su se istakli u vojnim pothvatima 1647., 1656., 1662. te pod zapovjedni\u0161tvom serdara Smiljani\u0107a (1671.) i Stojana Jankovi\u0107a (1676.). <\/p>\n\n\n\n<p>Godine 2002., na lokalitetu Podvr\u0161je-Glav\u010dine (Matakov Brig) iskopani su  ostatci velikih dvojnih crkava (\u201cgemine\u201d), me\u0111u kojima je prona\u0111en i ranokr\u0161\u0107anski plutej. Ju\u017ena crkva potje\u010de iz druge pol. 5. st., dok je sjeverna ranobizantskoga stila iz sredine 6. st. <\/p>\n\n\n\n<p>U nedalekom zaseoku Plemi\u0107ima rodio se znameniti hrvatski pjesnik Juraj Barakovi\u0107 (1548.-1628.). U pro\u0161losti  je u okolici bilo nekoliko samostana koji su stradali u doba osmanlijskih napadaja. <\/p>\n\n\n\n<p>Do godine 1416. na ra\u017eana\u010dkom podru\u010dju je postojao samostan pustinjaka sv. Pavla s crkvom sv. Andrije, apostola. U apostolskoj vizitaciji godine 1603. spominje se crkvica sv. Jerolima o\u0161te\u0107ena razaranjima iz tursko-mleta\u010dkih ratova 1570. Godine 1753. bila je u \u017eupnoj crkvi utemeljena bratov\u0161tina Gospe od Ru\u017earija, koja se u me\u0111uvremenu ugasila. <\/p>\n","protected":false},"excerpt":{"rendered":"<p>Povijesni pregled RA\u017dANAC \u2013 \u017eupa BDM od Ru\u017earija; \u017eupa se spominje 1460. Ra\u017eanac, selo i mala luka na obali ju\u017enog dijela Velebitskog kanala. Podru\u010dje Ra\u017eanca bilo je naseljeno od mla\u0111ega kamenog doba. Nekoliko srednjovjekovnih naselja tog podru\u010dja poru\u0161eno je u tijeku tursko-venecijanskih ratova u 16. i 17. st. Prvo pisano spominjanje imena Ra\u017eanac nalazi se&#8230;<\/p>\n","protected":false},"author":1,"featured_media":0,"parent":0,"menu_order":0,"comment_status":"closed","ping_status":"closed","template":"","meta":{"ngg_post_thumbnail":0},"aioseo_notices":[],"_links":{"self":[{"href":"https:\/\/zuparazanac.hr\/index.php?rest_route=\/wp\/v2\/pages\/23"}],"collection":[{"href":"https:\/\/zuparazanac.hr\/index.php?rest_route=\/wp\/v2\/pages"}],"about":[{"href":"https:\/\/zuparazanac.hr\/index.php?rest_route=\/wp\/v2\/types\/page"}],"author":[{"embeddable":true,"href":"https:\/\/zuparazanac.hr\/index.php?rest_route=\/wp\/v2\/users\/1"}],"replies":[{"embeddable":true,"href":"https:\/\/zuparazanac.hr\/index.php?rest_route=%2Fwp%2Fv2%2Fcomments&post=23"}],"version-history":[{"count":5,"href":"https:\/\/zuparazanac.hr\/index.php?rest_route=\/wp\/v2\/pages\/23\/revisions"}],"predecessor-version":[{"id":59,"href":"https:\/\/zuparazanac.hr\/index.php?rest_route=\/wp\/v2\/pages\/23\/revisions\/59"}],"wp:attachment":[{"href":"https:\/\/zuparazanac.hr\/index.php?rest_route=%2Fwp%2Fv2%2Fmedia&parent=23"}],"curies":[{"name":"wp","href":"https:\/\/api.w.org\/{rel}","templated":true}]}}